{"id":8,"date":"2025-10-22T17:44:10","date_gmt":"2025-10-22T17:44:10","guid":{"rendered":"https:\/\/comedordelsabor.com.mx\/Pedidos\/?page_id=8"},"modified":"2025-11-25T22:56:56","modified_gmt":"2025-11-25T22:56:56","slug":"home","status":"publish","type":"page","link":"https:\/\/comedordelsabor.com.mx\/Pedidos\/","title":{"rendered":"Home"},"content":{"rendered":"\t\t<div data-elementor-type=\"wp-page\" data-elementor-id=\"8\" class=\"elementor elementor-8\">\n\t\t\t\t<div class=\"elementor-element elementor-element-df60d16 e-flex e-con-boxed e-con e-parent\" data-id=\"df60d16\" data-element_type=\"container\" data-settings=\"{&quot;background_background&quot;:&quot;classic&quot;}\">\n\t\t\t\t\t<div class=\"e-con-inner\">\n\t\t\t\t<div class=\"elementor-element elementor-element-9026dab elementor-widget elementor-widget-spacer\" data-id=\"9026dab\" data-element_type=\"widget\" data-widget_type=\"spacer.default\">\n\t\t\t\t\t\t\t<div class=\"elementor-spacer\">\n\t\t\t<div class=\"elementor-spacer-inner\"><\/div>\n\t\t<\/div>\n\t\t\t\t\t\t<\/div>\n\t\t\t\t<div class=\"elementor-element elementor-element-0cb81c5 elementor-widget elementor-widget-heading\" data-id=\"0cb81c5\" data-element_type=\"widget\" data-widget_type=\"heading.default\">\n\t\t\t\t\t<h2 class=\"elementor-heading-title elementor-size-default\">Comida corrida mexicana, directo a tu oficina<\/h2>\t\t\t\t<\/div>\n\t\t\t\t<div class=\"elementor-element elementor-element-dfcc23b elementor-widget elementor-widget-text-editor\" data-id=\"dfcc23b\" data-element_type=\"widget\" data-widget_type=\"text-editor.default\">\n\t\t\t\t\t\t\t\t\t<p>3 opciones de guiso todos los d\u00edas, incluye sopa, agua fresca y postre.<\/p>\t\t\t\t\t\t\t\t<\/div>\n\t\t\t\t<div class=\"elementor-element elementor-element-72982b9 e-n-tabs-mobile elementor-widget elementor-widget-n-tabs\" data-id=\"72982b9\" data-element_type=\"widget\" data-settings=\"{&quot;tabs_justify_horizontal&quot;:&quot;stretch&quot;,&quot;horizontal_scroll&quot;:&quot;disable&quot;}\" data-widget_type=\"nested-tabs.default\">\n\t\t\t\t\t\t\t<div class=\"e-n-tabs\" data-widget-number=\"120160953\" aria-label=\"Pesta\u00f1as. Abre elementos con Intro o Espacio, ci\u00e9rralos con Escape y navega con las fechas.\">\n\t\t\t<div class=\"e-n-tabs-heading\" role=\"tablist\">\n\t\t\t\t\t<button id=\"e-n-tab-title-1201609531\" class=\"e-n-tab-title\" aria-selected=\"true\" data-tab-index=\"1\" role=\"tab\" tabindex=\"0\" aria-controls=\"e-n-tab-content-1201609531\" style=\"--n-tabs-title-order: 1;\">\n\t\t\t\t\t\t<span class=\"e-n-tab-title-text\">\n\t\t\t\tMen\u00fa del d\u00eda\t\t\t<\/span>\n\t\t<\/button>\n\t\t\t\t<button id=\"e-n-tab-title-1201609532\" class=\"e-n-tab-title\" aria-selected=\"false\" data-tab-index=\"2\" role=\"tab\" tabindex=\"-1\" aria-controls=\"e-n-tab-content-1201609532\" style=\"--n-tabs-title-order: 2;\">\n\t\t\t\t\t\t<span class=\"e-n-tab-title-text\">\n\t\t\t\tComidas\t\t\t<\/span>\n\t\t<\/button>\n\t\t\t\t<button id=\"e-n-tab-title-1201609533\" class=\"e-n-tab-title\" aria-selected=\"false\" data-tab-index=\"3\" role=\"tab\" tabindex=\"-1\" aria-controls=\"e-n-tab-content-1201609533\" style=\"--n-tabs-title-order: 3;\">\n\t\t\t\t\t\t<span class=\"e-n-tab-title-text\">\n\t\t\t\tDesayunos\t\t\t<\/span>\n\t\t<\/button>\n\t\t\t\t\t<\/div>\n\t\t\t<div class=\"e-n-tabs-content\">\n\t\t\t\t<div id=\"e-n-tab-content-1201609531\" role=\"tabpanel\" aria-labelledby=\"e-n-tab-title-1201609531\" data-tab-index=\"1\" style=\"--n-tabs-title-order: 1;\" class=\"e-active elementor-element elementor-element-2f51666 e-con-full e-flex e-con e-child\" data-id=\"2f51666\" data-element_type=\"container\">\n\t\t<div class=\"elementor-element elementor-element-6bce1af e-con-full e-flex e-con e-child\" data-id=\"6bce1af\" data-element_type=\"container\">\n\t\t\t\t<div class=\"elementor-element elementor-element-93df404 elementor-widget elementor-widget-image\" data-id=\"93df404\" data-element_type=\"widget\" data-widget_type=\"image.default\">\n\t\t\t\t\t\t\t\t\t\t\t\t\t\t\t<img fetchpriority=\"high\" decoding=\"async\" width=\"500\" height=\"500\" src=\"https:\/\/comedordelsabor.com.mx\/Pedidos\/wp-content\/uploads\/2025\/10\/tinga.png\" class=\"elementor-animation-bob attachment-large size-large wp-image-103\" alt=\"\" srcset=\"https:\/\/comedordelsabor.com.mx\/Pedidos\/wp-content\/uploads\/2025\/10\/tinga.png 500w, https:\/\/comedordelsabor.com.mx\/Pedidos\/wp-content\/uploads\/2025\/10\/tinga-300x300.png 300w, https:\/\/comedordelsabor.com.mx\/Pedidos\/wp-content\/uploads\/2025\/10\/tinga-150x150.png 150w, https:\/\/comedordelsabor.com.mx\/Pedidos\/wp-content\/uploads\/2025\/10\/tinga-100x100.png 100w\" sizes=\"(max-width: 500px) 100vw, 500px\" \/>\t\t\t\t\t\t\t\t\t\t\t\t\t\t\t<\/div>\n\t\t\t\t<div class=\"elementor-element elementor-element-37563ab elementor-widget elementor-widget-heading\" data-id=\"37563ab\" data-element_type=\"widget\" data-widget_type=\"heading.default\">\n\t\t\t\t\t<h2 class=\"elementor-heading-title elementor-size-default\">MEN\u00da 1<\/h2>\t\t\t\t<\/div>\n\t\t\t\t<div class=\"elementor-element elementor-element-e9a6003 elementor-widget elementor-widget-heading\" data-id=\"e9a6003\" data-element_type=\"widget\" data-widget_type=\"heading.default\">\n\t\t\t\t\t<h2 class=\"elementor-heading-title elementor-size-default\">$100.00<\/h2>\t\t\t\t<\/div>\n\t\t\t\t<\/div>\n\t\t<div class=\"elementor-element elementor-element-97a2405 e-con-full e-flex e-con e-child\" data-id=\"97a2405\" data-element_type=\"container\">\n\t\t\t\t<div class=\"elementor-element elementor-element-5e5c5c2 elementor-widget elementor-widget-image\" data-id=\"5e5c5c2\" data-element_type=\"widget\" data-widget_type=\"image.default\">\n\t\t\t\t\t\t\t\t\t\t\t\t\t\t\t<img decoding=\"async\" width=\"500\" height=\"500\" src=\"https:\/\/comedordelsabor.com.mx\/Pedidos\/wp-content\/uploads\/2025\/10\/enchiladas.png\" class=\"elementor-animation-bob attachment-large size-large wp-image-101\" alt=\"\" srcset=\"https:\/\/comedordelsabor.com.mx\/Pedidos\/wp-content\/uploads\/2025\/10\/enchiladas.png 500w, https:\/\/comedordelsabor.com.mx\/Pedidos\/wp-content\/uploads\/2025\/10\/enchiladas-300x300.png 300w, https:\/\/comedordelsabor.com.mx\/Pedidos\/wp-content\/uploads\/2025\/10\/enchiladas-150x150.png 150w, https:\/\/comedordelsabor.com.mx\/Pedidos\/wp-content\/uploads\/2025\/10\/enchiladas-100x100.png 100w\" sizes=\"(max-width: 500px) 100vw, 500px\" \/>\t\t\t\t\t\t\t\t\t\t\t\t\t\t\t<\/div>\n\t\t\t\t<div class=\"elementor-element elementor-element-5c23922 elementor-widget elementor-widget-heading\" data-id=\"5c23922\" data-element_type=\"widget\" data-widget_type=\"heading.default\">\n\t\t\t\t\t<h2 class=\"elementor-heading-title elementor-size-default\">MEN\u00da 2<\/h2>\t\t\t\t<\/div>\n\t\t\t\t<div class=\"elementor-element elementor-element-211a2f4 elementor-widget elementor-widget-heading\" data-id=\"211a2f4\" data-element_type=\"widget\" data-widget_type=\"heading.default\">\n\t\t\t\t\t<h2 class=\"elementor-heading-title elementor-size-default\">$100.00<\/h2>\t\t\t\t<\/div>\n\t\t\t\t<\/div>\n\t\t<div class=\"elementor-element elementor-element-229185b e-con-full e-flex e-con e-child\" data-id=\"229185b\" data-element_type=\"container\">\n\t\t\t\t<div class=\"elementor-element elementor-element-d0b509a elementor-widget elementor-widget-image\" data-id=\"d0b509a\" data-element_type=\"widget\" data-widget_type=\"image.default\">\n\t\t\t\t\t\t\t\t\t\t\t\t\t\t\t<img decoding=\"async\" width=\"500\" height=\"500\" src=\"https:\/\/comedordelsabor.com.mx\/Pedidos\/wp-content\/uploads\/2025\/10\/mole.png\" class=\"elementor-animation-bob attachment-large size-large wp-image-99\" alt=\"\" srcset=\"https:\/\/comedordelsabor.com.mx\/Pedidos\/wp-content\/uploads\/2025\/10\/mole.png 500w, https:\/\/comedordelsabor.com.mx\/Pedidos\/wp-content\/uploads\/2025\/10\/mole-300x300.png 300w, https:\/\/comedordelsabor.com.mx\/Pedidos\/wp-content\/uploads\/2025\/10\/mole-150x150.png 150w, https:\/\/comedordelsabor.com.mx\/Pedidos\/wp-content\/uploads\/2025\/10\/mole-100x100.png 100w\" sizes=\"(max-width: 500px) 100vw, 500px\" \/>\t\t\t\t\t\t\t\t\t\t\t\t\t\t\t<\/div>\n\t\t\t\t<div class=\"elementor-element elementor-element-0194636 elementor-widget elementor-widget-heading\" data-id=\"0194636\" data-element_type=\"widget\" data-widget_type=\"heading.default\">\n\t\t\t\t\t<h2 class=\"elementor-heading-title elementor-size-default\">MEN\u00da 3<\/h2>\t\t\t\t<\/div>\n\t\t\t\t<div class=\"elementor-element elementor-element-81c7923 elementor-widget elementor-widget-heading\" data-id=\"81c7923\" data-element_type=\"widget\" data-widget_type=\"heading.default\">\n\t\t\t\t\t<h2 class=\"elementor-heading-title elementor-size-default\">$100.00<\/h2>\t\t\t\t<\/div>\n\t\t\t\t<\/div>\n\t\t\t\t<\/div>\n\t\t<div id=\"e-n-tab-content-1201609532\" role=\"tabpanel\" aria-labelledby=\"e-n-tab-title-1201609532\" data-tab-index=\"2\" style=\"--n-tabs-title-order: 2;\" class=\" elementor-element elementor-element-b8b4b9c e-con-full e-flex e-con e-child\" data-id=\"b8b4b9c\" data-element_type=\"container\">\n\t\t\t\t<\/div>\n\t\t<div id=\"e-n-tab-content-1201609533\" role=\"tabpanel\" aria-labelledby=\"e-n-tab-title-1201609533\" data-tab-index=\"3\" style=\"--n-tabs-title-order: 3;\" class=\" elementor-element elementor-element-b6796e4 e-con-full e-flex e-con e-child\" data-id=\"b6796e4\" data-element_type=\"container\">\n\t\t\t\t<\/div>\n\t\t\t\t\t<\/div>\n\t\t<\/div>\n\t\t\t\t\t\t<\/div>\n\t\t\t\t\t<\/div>\n\t\t\t\t<\/div>\n\t\t<div class=\"elementor-element elementor-element-da85626 e-flex e-con-boxed e-con e-parent\" data-id=\"da85626\" data-element_type=\"container\" data-settings=\"{&quot;background_background&quot;:&quot;classic&quot;}\">\n\t\t\t\t\t<div class=\"e-con-inner\">\n\t\t\t\t<div class=\"elementor-element elementor-element-b50833a elementor-widget elementor-widget-spacer\" data-id=\"b50833a\" data-element_type=\"widget\" data-widget_type=\"spacer.default\">\n\t\t\t\t\t\t\t<div class=\"elementor-spacer\">\n\t\t\t<div class=\"elementor-spacer-inner\"><\/div>\n\t\t<\/div>\n\t\t\t\t\t\t<\/div>\n\t\t\t\t\t<\/div>\n\t\t\t\t<\/div>\n\t\t<div class=\"elementor-element elementor-element-ddcc913 e-flex e-con-boxed e-con e-parent\" data-id=\"ddcc913\" data-element_type=\"container\">\n\t\t\t\t\t<div class=\"e-con-inner\">\n\t\t\t\t<div class=\"elementor-element elementor-element-6050641 elementor-widget elementor-widget-heading\" data-id=\"6050641\" data-element_type=\"widget\" data-widget_type=\"heading.default\">\n\t\t\t\t\t<h2 class=\"elementor-heading-title elementor-size-default\">Realiza tu pedido<\/h2>\t\t\t\t<\/div>\n\t\t\t\t<div class=\"elementor-element elementor-element-7de0f28 elementor-widget elementor-widget-text-editor\" data-id=\"7de0f28\" data-element_type=\"widget\" data-widget_type=\"text-editor.default\">\n\t\t\t\t\t\t\t\t\t<p>Completa tus datos y confirma. Puedes pagar contra entrega o por transferencia. (Pago con tarjeta pr\u00f3ximamente)<\/p>\t\t\t\t\t\t\t\t<\/div>\n\t\t\t\t<div class=\"elementor-element elementor-element-3fff189 elementor-widget elementor-widget-spacer\" data-id=\"3fff189\" data-element_type=\"widget\" data-widget_type=\"spacer.default\">\n\t\t\t\t\t\t\t<div class=\"elementor-spacer\">\n\t\t\t<div class=\"elementor-spacer-inner\"><\/div>\n\t\t<\/div>\n\t\t\t\t\t\t<\/div>\n\t\t\t\t\t<\/div>\n\t\t\t\t<\/div>\n\t\t<div class=\"elementor-element elementor-element-55d2968 e-flex e-con-boxed e-con e-parent\" data-id=\"55d2968\" data-element_type=\"container\">\n\t\t\t\t\t<div class=\"e-con-inner\">\n\t\t\t\t<div class=\"elementor-element elementor-element-a469ce7 elementor-widget elementor-widget-shortcode\" data-id=\"a469ce7\" data-element_type=\"widget\" data-widget_type=\"shortcode.default\">\n\t\t\t\t\t\t\t<div class=\"elementor-shortcode\">\n<div class=\"wpcf7 no-js\" id=\"wpcf7-f97-o1\" lang=\"es-MX\" dir=\"ltr\" data-wpcf7-id=\"97\">\n<div class=\"screen-reader-response\"><p role=\"status\" aria-live=\"polite\" aria-atomic=\"true\"><\/p> <ul><\/ul><\/div>\n<form action=\"\/Pedidos\/wp-json\/wp\/v2\/pages\/8#wpcf7-f97-o1\" method=\"post\" class=\"wpcf7-form init\" aria-label=\"Formulario de contacto\" novalidate=\"novalidate\" data-status=\"init\">\n<fieldset class=\"hidden-fields-container\"><input type=\"hidden\" name=\"_wpcf7\" value=\"97\" \/><input type=\"hidden\" name=\"_wpcf7_version\" value=\"6.1.3\" \/><input type=\"hidden\" name=\"_wpcf7_locale\" value=\"es_MX\" \/><input type=\"hidden\" name=\"_wpcf7_unit_tag\" value=\"wpcf7-f97-o1\" \/><input type=\"hidden\" name=\"_wpcf7_container_post\" value=\"0\" \/><input type=\"hidden\" name=\"_wpcf7_posted_data_hash\" value=\"\" \/><input type=\"hidden\" name=\"_wpcf7cf_hidden_group_fields\" value=\"[]\" \/><input type=\"hidden\" name=\"_wpcf7cf_hidden_groups\" value=\"[]\" \/><input type=\"hidden\" name=\"_wpcf7cf_visible_groups\" value=\"[]\" \/><input type=\"hidden\" name=\"_wpcf7cf_repeaters\" value=\"[]\" \/><input type=\"hidden\" name=\"_wpcf7cf_steps\" value=\"{}\" \/><input type=\"hidden\" name=\"_wpcf7cf_options\" value=\"{&quot;form_id&quot;:97,&quot;conditions&quot;:[{&quot;then_field&quot;:&quot;g_menu1&quot;,&quot;and_rules&quot;:[{&quot;if_field&quot;:&quot;menu1&quot;,&quot;operator&quot;:&quot;not empty&quot;,&quot;if_value&quot;:&quot;&quot;}]},{&quot;then_field&quot;:&quot;g_menu2&quot;,&quot;and_rules&quot;:[{&quot;if_field&quot;:&quot;menu2&quot;,&quot;operator&quot;:&quot;not empty&quot;,&quot;if_value&quot;:&quot;&quot;}]},{&quot;then_field&quot;:&quot;g_menu3&quot;,&quot;and_rules&quot;:[{&quot;if_field&quot;:&quot;menu3&quot;,&quot;operator&quot;:&quot;not empty&quot;,&quot;if_value&quot;:&quot;&quot;}]},{&quot;then_field&quot;:&quot;g_direccion&quot;,&quot;and_rules&quot;:[{&quot;if_field&quot;:&quot;select-96&quot;,&quot;operator&quot;:&quot;equals&quot;,&quot;if_value&quot;:&quot;A domicilio&quot;}]},{&quot;then_field&quot;:&quot;g_menus&quot;,&quot;and_rules&quot;:[{&quot;if_field&quot;:&quot;select-100&quot;,&quot;operator&quot;:&quot;equals&quot;,&quot;if_value&quot;:&quot;Comida Corrida&quot;}]},{&quot;then_field&quot;:&quot;g_entradas&quot;,&quot;and_rules&quot;:[{&quot;if_field&quot;:&quot;qty_menu1&quot;,&quot;operator&quot;:&quot;greater than or equals&quot;,&quot;if_value&quot;:&quot;1&quot;}]},{&quot;then_field&quot;:&quot;g_entradas&quot;,&quot;and_rules&quot;:[{&quot;if_field&quot;:&quot;qty_menu2&quot;,&quot;operator&quot;:&quot;greater than or equals&quot;,&quot;if_value&quot;:&quot;1&quot;}]},{&quot;then_field&quot;:&quot;g_entradas&quot;,&quot;and_rules&quot;:[{&quot;if_field&quot;:&quot;qty_menu3&quot;,&quot;operator&quot;:&quot;greater than or equals&quot;,&quot;if_value&quot;:&quot;1&quot;}]}],&quot;settings&quot;:{&quot;animation&quot;:&quot;yes&quot;,&quot;animation_intime&quot;:200,&quot;animation_outtime&quot;:200,&quot;conditions_ui&quot;:&quot;normal&quot;,&quot;notice_dismissed&quot;:false}}\" \/>\n<\/fieldset>\n<h3>Datos del cliente\n<\/h3>\n<p><label>Nombre Completo<\/label><br \/>\n<span class=\"wpcf7-form-control-wrap\" data-name=\"nombre\"><input size=\"40\" maxlength=\"50\" class=\"wpcf7-form-control wpcf7-text wpcf7-validates-as-required\" autocomplete=\"name\" aria-required=\"true\" aria-invalid=\"false\" value=\"\" type=\"text\" name=\"nombre\" \/><\/span>\n<\/p>\n<p><label>Tel\u00e9fono \/ WhatsApp<\/label><br \/>\n<span class=\"wpcf7-form-control-wrap\" data-name=\"tel-11\"><input size=\"40\" maxlength=\"10\" minlength=\"10\" class=\"wpcf7-form-control wpcf7-tel wpcf7-validates-as-required wpcf7-text wpcf7-validates-as-tel\" aria-required=\"true\" aria-invalid=\"false\" placeholder=\"5500000000\" value=\"\" type=\"tel\" name=\"tel-11\" \/><\/span>\n<\/p>\n<p><label>Empresa \/ Oficina<\/label><br \/>\n<span class=\"wpcf7-form-control-wrap\" data-name=\"empresa\"><input size=\"40\" maxlength=\"400\" class=\"wpcf7-form-control wpcf7-text\" aria-invalid=\"false\" value=\"\" type=\"text\" name=\"empresa\" \/><\/span>\n<\/p>\n<p><label>Hora de entrega:<\/label><br \/>\n<input type=\"time\" name=\"hora-entrega\" min=\"09:00\" max=\"18:00\" step=\"900\" \/>\n<\/p>\n<p><label>Entrega<\/label><br \/>\n<span class=\"wpcf7-form-control-wrap\" data-name=\"select-96\"><select class=\"wpcf7-form-control wpcf7-select wpcf7-validates-as-required\" aria-required=\"true\" aria-invalid=\"false\" name=\"select-96\"><option value=\"En tienda\">En tienda<\/option><option value=\"A domicilio\">A domicilio<\/option><\/select><\/span>\n<\/p>\n<div data-id=\"g_direccion\" data-orig_data_id=\"g_direccion\" data-clear_on_hide class=\"\" data-class=\"wpcf7cf_group\">\n\t<h3>Direccion de entrega\n\t<\/h3>\n\t<p><label>Calle y n\u00famero<\/label><br \/>\n<span class=\"wpcf7-form-control-wrap\" data-name=\"direccion\"><input size=\"40\" maxlength=\"50\" class=\"wpcf7-form-control wpcf7-text wpcf7-validates-as-required\" aria-required=\"true\" aria-invalid=\"false\" value=\"\" type=\"text\" name=\"direccion\" \/><\/span>\n\t<\/p>\n\t<p><label>C\u00f3digo Postal<\/label><br \/>\n<span class=\"wpcf7-form-control-wrap\" data-name=\"cp\"><input size=\"40\" maxlength=\"5\" minlength=\"5\" class=\"wpcf7-form-control wpcf7-text wpcf7-validates-as-required\" aria-required=\"true\" aria-invalid=\"false\" placeholder=\"CP. 08810\" value=\"\" type=\"text\" name=\"cp\" \/><\/span>\n\t<\/p>\n\t<p><label>Colonia<\/label><br \/>\n<span class=\"wpcf7-form-control-wrap\" data-name=\"colonia\"><input size=\"40\" maxlength=\"400\" class=\"wpcf7-form-control wpcf7-text wpcf7-validates-as-required\" aria-required=\"true\" aria-invalid=\"false\" value=\"\" type=\"text\" name=\"colonia\" \/><\/span>\n\t<\/p>\n\t<p><label>Ciudad<\/label><br \/>\n<span class=\"wpcf7-form-control-wrap\" data-name=\"ciudad\"><input size=\"40\" maxlength=\"400\" class=\"wpcf7-form-control wpcf7-text wpcf7-validates-as-required\" aria-required=\"true\" aria-invalid=\"false\" value=\"\" type=\"text\" name=\"ciudad\" \/><\/span>\n\t<\/p>\n\t<p><label>Referencias (opcional)<\/label><br \/>\n<span class=\"wpcf7-form-control-wrap\" data-name=\"referencias\"><input size=\"40\" maxlength=\"400\" class=\"wpcf7-form-control wpcf7-text\" aria-invalid=\"false\" value=\"\" type=\"text\" name=\"referencias\" \/><\/span>\n\t<\/p>\n<\/div>\n<p><label>Tipo comida<\/label><br \/>\n<span class=\"wpcf7-form-control-wrap\" data-name=\"select-100\"><select class=\"wpcf7-form-control wpcf7-select\" aria-invalid=\"false\" name=\"select-100\"><option value=\"Elige tipo de comida\">Elige tipo de comida<\/option><option value=\"Comida Corrida\">Comida Corrida<\/option><option value=\"Comida\">Comida<\/option><option value=\"Desayuno\">Desayuno<\/option><\/select><\/span>\n<\/p>\n<div data-id=\"g_menus\" data-orig_data_id=\"g_menus\" data-clear_on_hide class=\"\" data-class=\"wpcf7cf_group\">\n\t<h3>Elige tu(s) men\u00fa(s)\n\t<\/h3>\n\t<p><span class=\"wpcf7-form-control-wrap\" data-name=\"menu1\"><span class=\"wpcf7-form-control wpcf7-checkbox\"><span class=\"wpcf7-list-item first last\"><input type=\"checkbox\" name=\"menu1[]\" value=\"Men\u00fa 1\" \/><span class=\"wpcf7-list-item-label\">Men\u00fa 1<\/span><\/span><\/span><\/span><br \/>\n<span class=\"wpcf7-form-control-wrap\" data-name=\"menu2\"><span class=\"wpcf7-form-control wpcf7-checkbox\"><span class=\"wpcf7-list-item first last\"><input type=\"checkbox\" name=\"menu2[]\" value=\"Men\u00fa 2\" \/><span class=\"wpcf7-list-item-label\">Men\u00fa 2<\/span><\/span><\/span><\/span><br \/>\n<span class=\"wpcf7-form-control-wrap\" data-name=\"menu3\"><span class=\"wpcf7-form-control wpcf7-checkbox\"><span class=\"wpcf7-list-item first last\"><input type=\"checkbox\" name=\"menu3[]\" value=\"Men\u00fa 3\" \/><span class=\"wpcf7-list-item-label\">Men\u00fa 3<\/span><\/span><\/span><\/span>\n\t<\/p>\n<\/div>\n<div data-id=\"g_menu1\" data-orig_data_id=\"g_menu1\" data-clear_on_hide class=\"\" data-class=\"wpcf7cf_group\">\n\t<p><label>Cantidad Men\u00fa 1<\/label><br \/>\n<span class=\"wpcf7-form-control-wrap\" data-name=\"qty_menu1\"><input class=\"wpcf7-form-control wpcf7-number wpcf7-validates-as-required wpcf7-validates-as-number\" min=\"1\" max=\"99\" aria-required=\"true\" aria-invalid=\"false\" placeholder=\"0\" value=\"\" type=\"number\" name=\"qty_menu1\" \/><\/span>\n\t<\/p>\n<\/div>\n<div data-id=\"g_menu2\" data-orig_data_id=\"g_menu2\" data-clear_on_hide class=\"\" data-class=\"wpcf7cf_group\">\n\t<p><label>Cantidad Men\u00fa 2<\/label><br \/>\n<span class=\"wpcf7-form-control-wrap\" data-name=\"qty_menu2\"><input class=\"wpcf7-form-control wpcf7-number wpcf7-validates-as-required wpcf7-validates-as-number\" min=\"1\" max=\"99\" aria-required=\"true\" aria-invalid=\"false\" placeholder=\"0\" value=\"\" type=\"number\" name=\"qty_menu2\" \/><\/span>\n\t<\/p>\n<\/div>\n<div data-id=\"g_menu3\" data-orig_data_id=\"g_menu3\" data-clear_on_hide class=\"\" data-class=\"wpcf7cf_group\">\n\t<p><label>Cantidad Men\u00fa 3<\/label><br \/>\n<span class=\"wpcf7-form-control-wrap\" data-name=\"qty_menu3\"><input class=\"wpcf7-form-control wpcf7-number wpcf7-validates-as-required wpcf7-validates-as-number\" min=\"1\" max=\"99\" aria-required=\"true\" aria-invalid=\"false\" placeholder=\"0\" value=\"\" type=\"number\" name=\"qty_menu3\" \/><\/span>\n\t<\/p>\n<\/div>\n<h3>Elije t\u00fa(s) estradas\n<\/h3>\n<div data-id=\"g_entradas\" data-orig_data_id=\"g_entradas\" data-clear_on_hide class=\"\" data-class=\"wpcf7cf_group\">\n\t<p><label>Sopas<\/label><br \/>\n<span class=\"wpcf7-form-control-wrap\" data-name=\"qty_sopas\"><input class=\"wpcf7-form-control wpcf7-number wpcf7-validates-as-required wpcf7-validates-as-number\" min=\"1\" max=\"99\" aria-required=\"true\" aria-invalid=\"false\" placeholder=\"0\" value=\"\" type=\"number\" name=\"qty_sopas\" \/><\/span>\n\t<\/p>\n\t<p><label>Crema del d\u00eda<\/label><br \/>\n<span class=\"wpcf7-form-control-wrap\" data-name=\"qty_crema\"><input class=\"wpcf7-form-control wpcf7-number wpcf7-validates-as-required wpcf7-validates-as-number\" min=\"1\" max=\"99\" aria-required=\"true\" aria-invalid=\"false\" placeholder=\"0\" value=\"\" type=\"number\" name=\"qty_crema\" \/><\/span>\n\t<\/p>\n\t<p><label>Consom\u00e9<\/label><br \/>\n<span class=\"wpcf7-form-control-wrap\" data-name=\"qty_consome\"><input class=\"wpcf7-form-control wpcf7-number wpcf7-validates-as-required wpcf7-validates-as-number\" min=\"1\" max=\"99\" aria-required=\"true\" aria-invalid=\"false\" placeholder=\"0\" value=\"\" type=\"number\" name=\"qty_consome\" \/><\/span>\n\t<\/p>\n<\/div>\n<h3>M\u00e9todo de Pago\n<\/h3>\n<p><span class=\"wpcf7-form-control-wrap\" data-name=\"radio-715\"><span class=\"wpcf7-form-control wpcf7-radio\"><span class=\"wpcf7-list-item first\"><label><input type=\"radio\" name=\"radio-715\" value=\"Efectico\" \/><span class=\"wpcf7-list-item-label\">Efectico<\/span><\/label><\/span><span class=\"wpcf7-list-item\"><label><input type=\"radio\" name=\"radio-715\" value=\"Terminal\" \/><span class=\"wpcf7-list-item-label\">Terminal<\/span><\/label><\/span><span class=\"wpcf7-list-item last\"><label><input type=\"radio\" name=\"radio-715\" value=\"Tranferencia (se envian datos por WhatsApp)\" \/><span class=\"wpcf7-list-item-label\">Tranferencia (se envian datos por WhatsApp)<\/span><\/label><\/span><\/span><\/span>\n<\/p>\n<p><input class=\"wpcf7-form-control wpcf7-submit has-spinner\" type=\"submit\" value=\"Enviar pedido\" \/>\n<\/p><div class=\"wpcf7-response-output\" aria-hidden=\"true\"><\/div>\n<\/form>\n<\/div>\n<\/div>\n\t\t\t\t\t\t<\/div>\n\t\t\t\t\t<\/div>\n\t\t\t\t<\/div>\n\t\t\t\t<\/div>\n\t\t","protected":false},"excerpt":{"rendered":"<p>Comida corrida mexicana, directo a tu oficina 3 opciones de guiso todos los d\u00edas, incluye sopa, agua fresca y postre. Men\u00fa del d\u00eda Comidas Desayunos MEN\u00da 1 $100.00 MEN\u00da 2 $100.00 MEN\u00da 3 $100.00 MEN\u00da 1 $100.00 MEN\u00da 2 $100.00 MEN\u00da 3 $100.00 Realiza tu pedido Completa tus datos y confirma. Puedes pagar contra entrega [&hellip;]<\/p>\n","protected":false},"author":1,"featured_media":0,"parent":0,"menu_order":0,"comment_status":"closed","ping_status":"closed","template":"","meta":{"footnotes":""},"class_list":["post-8","page","type-page","status-publish","hentry","entry","owp-thumbs-layout-horizontal","owp-btn-normal","owp-tabs-layout-horizontal","has-no-thumbnails","has-product-nav"],"_links":{"self":[{"href":"https:\/\/comedordelsabor.com.mx\/Pedidos\/wp-json\/wp\/v2\/pages\/8","targetHints":{"allow":["GET"]}}],"collection":[{"href":"https:\/\/comedordelsabor.com.mx\/Pedidos\/wp-json\/wp\/v2\/pages"}],"about":[{"href":"https:\/\/comedordelsabor.com.mx\/Pedidos\/wp-json\/wp\/v2\/types\/page"}],"author":[{"embeddable":true,"href":"https:\/\/comedordelsabor.com.mx\/Pedidos\/wp-json\/wp\/v2\/users\/1"}],"replies":[{"embeddable":true,"href":"https:\/\/comedordelsabor.com.mx\/Pedidos\/wp-json\/wp\/v2\/comments?post=8"}],"version-history":[{"count":40,"href":"https:\/\/comedordelsabor.com.mx\/Pedidos\/wp-json\/wp\/v2\/pages\/8\/revisions"}],"predecessor-version":[{"id":148,"href":"https:\/\/comedordelsabor.com.mx\/Pedidos\/wp-json\/wp\/v2\/pages\/8\/revisions\/148"}],"wp:attachment":[{"href":"https:\/\/comedordelsabor.com.mx\/Pedidos\/wp-json\/wp\/v2\/media?parent=8"}],"curies":[{"name":"wp","href":"https:\/\/api.w.org\/{rel}","templated":true}]}}